{"id":212,"date":"2016-07-01T09:50:55","date_gmt":"2016-07-01T09:50:55","guid":{"rendered":"http:\/\/ninetheme.com\/themes\/proland\/?page_id=209"},"modified":"2024-04-29T12:42:23","modified_gmt":"2024-04-29T12:42:23","slug":"homepage-woocommerce","status":"publish","type":"page","link":"https:\/\/dreamea1.lt\/","title":{"rendered":"Dreame A1 vejos robotas"},"content":{"rendered":"<div class=\"wpb-content-wrapper\"><p>[vc_row][vc_column]<style scoped>.section-69d0a70825ff7 .indicators .plus-icons:before{\n                border-color: #ff3a7c;\n            }\n            .section-69d0a70825ff7 .indicators .plus-icons .plus,\n            .section-69d0a70825ff7 .indicators .plus-icons:after,\n            .section-69d0a70825ff7 .features-name:after,\n            .section-69d0a70825ff7 .features-name-inner:after{\n                background-color: #ff3a7c;\n            }.features-name-inner,\n            .tooltip-inner {\n                background: #bfbfbf;\n            }\n            .tooltip.right .tooltip-arrow {\n                border-right-color: #bfbfbf;\n            }\n            .tooltip.left .tooltip-arrow {\n                border-left-color: #bfbfbf;\n            }\n            .tooltip.top .tooltip-arrow {\n                border-top-color: #bfbfbf;\n            }\n            .tooltip.bottom .tooltip-arrow {\n                border-bottom-color: #bfbfbf;\n            }<\/style><section class=\"row the-product the-product-two section-69d0a70825ff7 \"  id=\"the-product\" > <div class=\"container\"><div class=\"row section-header wow fadeInUp\"><h2>DREAME A1<\/h2><p class=\"desc\">Tub\u016bt pa\u017eangiausias vejos robotas kok\u012f kada nors esate mat\u0119<\/p><\/div><div class=\"row content-center text-center\"><div class=\"inner-wrapper\"><img decoding=\"async\" src=\"https:\/\/dreamea1.lt\/wp-content\/uploads\/2024\/03\/1-e1709287362426.png\" alt=\"Dreame A1 vejos robotas\"><div class=\"features-notes-wrapper\"><style scoped>\n                                @media (max-width: 768px){\n                                    #item_69d0a7082602d.title-left-top{right:30px!important;}}<\/style><div id=\"item_69d0a7082602d\" class=\"features-notes note-type-1 title-left-top wow fadeInRight\" style=\"z-index:1;top:130px;right:150px;\"><div class=\"features-name\"><div class=\"features-name-inner\">+ LENGVAS VALDYMAS TELEFONU<\/div><\/div><div class=\"indicators\"><div class=\"plus-icons\"><span class=\"plus\">+<\/span><\/div><\/div><\/div><style scoped>\n                                @media (max-width: 768px){\n                                    #item_69d0a70826032.title-left-bottom{right:100px!important;}}<\/style><div id=\"item_69d0a70826032\" class=\"features-notes note-type-1 title-left-bottom wow fadeInRight\" style=\"z-index:2;top:180px;right:-100px;\"><div class=\"indicators\"><div class=\"plus-icons\"><span class=\"plus\">+<\/span><\/div><\/div><div class=\"features-name\"><div class=\"features-name-inner\">+ \u012eVEIKIA IKI 45% \u012eKALNES<\/div><\/div><\/div><div id=\"item_69d0a70826035\" class=\"features-notes note-type-1 title-right-top wow fadeInRight\" style=\"z-index:3;top:250px;left:130px;\"><div class=\"features-name\"><div class=\"features-name-inner\">+ 3D aplink\u0105 jau\u010dianti LiDAR technologija<\/div><\/div><div class=\"indicators\"><div class=\"plus-icons\"><span class=\"plus\">+<\/span><\/div><\/div><\/div><style scoped>\n                                @media (max-width: 768px){\n                                    #item_69d0a70826037.title-right-bottom{left:30px!important;}}<\/style><div id=\"item_69d0a70826037\" class=\"features-notes note-type-1 title-right-bottom wow fadeInRight\" style=\"z-index:4;bottom:100px;left:0px;\"><div class=\"indicators\"><div class=\"plus-icons\"><span class=\"plus\">+<\/span><\/div><\/div><div class=\"features-name\"><div class=\"features-name-inner\">+ Pjovimo auk\u0161\u010dio valdymas per mobili\u0105 aplikacij\u0105<\/div><\/div><\/div><\/div><\/div><\/div><\/div><\/section>[\/vc_column][\/vc_row][vc_row][vc_column]<style><\/style><section id=\"how-it-work\" class=\"row how-it-works  vc_custom_1709292717295\"><div class=\"container\"><div class=\"row section-header wow fadeInUp\"><h2>KAIP JIS VEIKIA?<\/h2><p class=\"how-p\"><\/p><\/div><div class=\"row work-processes\"><div class=\"col-sm-4 work-process wow fadeIn\" ><div class=\"row m0 process-icon\"><img decoding=\"async\" alt=\"Dreame A1 vejos robotas\" src=\"https:\/\/dreamea1.lt\/wp-content\/uploads\/2024\/03\/roboticmower-a1icon-1_200x-106x106.png\"><\/div><h3>Efektyvus ir tikslus \u017eem\u0117lapio sudarymas<\/h3><\/div><div class=\"col-sm-4 work-process wow fadeIn\" ><div class=\"row m0 process-icon\"><img decoding=\"async\" alt=\"Dreame A1 vejos robotas\" src=\"https:\/\/dreamea1.lt\/wp-content\/uploads\/2024\/03\/roboticmower-a1icon-2_200x-106x106.png\"><\/div><h3>3D visakryptis kli\u016b\u010di\u0173 vengimas<\/h3><\/div><div class=\"col-sm-4 work-process wow fadeIn\" ><div class=\"row m0 process-icon\"><img decoding=\"async\" alt=\"Dreame A1 vejos robotas\" src=\"https:\/\/dreamea1.lt\/wp-content\/uploads\/2024\/03\/roboticmower-a1icon-3_200x-106x106.png\"><\/div><h3>U formos kelio planavimas<\/h3><\/div><\/div><\/div><\/section>[\/vc_column][\/vc_row][vc_row][vc_column][vc_column_text]<\/p>\n<h1 style=\"text-align: center;\"><strong>PALEIDIMAS VOS VIENU PASPAUDIMU<\/strong><\/h1>\n<p style=\"text-align: center;\">Lengvas \u017eem\u0117lapio sudarymas per &#8220;Dreamehome&#8221; program\u0117l\u0119. A1 robotui pakaks vos 15 minu\u010di\u0173 susipa\u017einti su j\u016bs\u0173 kiemu.<\/p>\n<p>[\/vc_column_text][vc_single_image image=&#8221;648&#8243; img_size=&#8221;full&#8221; alignment=&#8221;center&#8221;][\/vc_column][\/vc_row][vc_row][vc_column]<section id=\"split-section\" class=\"row split-columns \"><div class=\"row m0 split-column wow fadeIn\"><div class=\"col-sm-6 col-sm-push-6 image\"><video class=\"video-5db73a80-97cb-42db-9739-6532104f3b51 video-element\" onclick=\"this.paused?this.play():this.pause()\" muted=\"\" playsinline=\"\" data-video-element=\"\" data-html5-video=\"\" autoplay=\"autoplay\" loop=\"loop\" draggable=\"true\"> <source src=\"https:\/\/cdn.shopify.com\/videos\/c\/o\/v\/6f73fa7498ee4132b980c6a277295213.mp4\" type=\"video\/mp4\"><\/video><\/div><div class=\"col-sm-6 col-sm-pull-6 texts\"><div class=\"texts-inner row m0\"><h2>3D visakryptis kli\u016b\u010di\u0173 vengimas<\/h2><p>Pasitelkdamas 3D visakrypt\u0119 kli\u016b\u010di\u0173 vengimo technologij\u0105, A1 robotas be pastang\u0173 \u012fveikia 11 tip\u0173 kli\u016btis. Naudodamas aplinkos ta\u0161k\u0173 debes\u0173 duomen\u0173 rinkim\u0105 ir pa\u017eangius dirbtinio intelekto (DI) algoritmus, A1 sumaniai atpa\u017e\u012fsta ir i\u0161vengia \u012fprast\u0173 kiemo kli\u016b\u010di\u0173, taip u\u017etikrindamas saugi\u0105 ir skland\u017ei\u0105 vejos pjovimo patirt\u012f.<\/p><\/div><\/div><\/div><div class=\"row m0 split-column wow fadeIn\"><div class=\"col-sm-6 image text-right\"><img decoding=\"async\" src=\"https:\/\/dreamea1.lt\/wp-content\/uploads\/2024\/03\/03-OmniSenseLocalization-scaled.jpg\" alt=\"Dreame A1 vejos robotas\"><\/div><div class=\"col-sm-6 texts\"><div class=\"texts-inner row m0\"><h2>3D aplinkos jutimas leid\u017eia efektyviai ir tiksliai sudaryti \u017eem\u0117lapius<\/h2><p>A1 robotas pasi\u017eymi 3D auk\u0161to tikslumo LiDAR jutikliu, kurio aptikimo atstumas yra iki 70 m, o 360\u00b0 \u00d7 59\u00b0 visakryptis pla\u010diakampis \u017ei\u016br\u0117jimo kampas leid\u017eia A1 suvokti aplink\u0105 visomis kryptimis. D\u0117l \u0161i\u0173 savybi\u0173 robotas gali akimirksniu ir tiksliai sukurti i\u0161sam\u0173 kiemo \u017eem\u0117lap\u012f.<\/p><\/div><\/div><\/div><div class=\"row m0 split-column wow fadeIn\"><div class=\"col-sm-6 col-sm-push-6 image\"><img decoding=\"async\" src=\"https:\/\/dreamea1.lt\/wp-content\/uploads\/2024\/03\/04-OmniSenseObstacle-Avoidance-scaled.jpg\" alt=\"Dreame A1 vejos robotas\"><\/div><div class=\"col-sm-6 col-sm-pull-6 texts\"><div class=\"texts-inner row m0\"><h2>3D visakryptis kli\u016b\u010di\u0173 vengimas<\/h2><p>Pasitelkdamas 3D visakrypt\u0119 kli\u016b\u010di\u0173 vengimo technologij\u0105, A1 robotas be pastang\u0173 \u012fveikia 11 tip\u0173 kli\u016btis. Naudodamas aplinkos ta\u0161k\u0173 debes\u0173 duomen\u0173 rinkim\u0105 ir pa\u017eangius dirbtinio intelekto (DI) algoritmus, A1 sumaniai atpa\u017e\u012fsta ir i\u0161vengia \u012fprast\u0173 kiemo kli\u016b\u010di\u0173, taip u\u017etikrindamas saugi\u0105 ir skland\u017ei\u0105 vejos pjovimo patirt\u012f.<\/p><\/div><\/div><\/div><\/section>[\/vc_column][\/vc_row]<\/p>\n<\/div>","protected":false},"excerpt":{"rendered":"<p>[vc_row][vc_column][\/vc_column][\/vc_row][vc_row][vc_column][\/vc_column][\/vc_row][vc_row][vc_column][vc_column_text] PALEIDIMAS VOS VIENU PASPAUDIMU Lengvas \u017eem\u0117lapio sudarymas per &#8220;Dreamehome&#8221; program\u0117l\u0119. A1 robotui pakaks vos 15 minu\u010di\u0173 susipa\u017einti su j\u016bs\u0173 kiemu. [\/vc_column_text][vc_single_image image=&#8221;648&#8243; img_size=&#8221;full&#8221; alignment=&#8221;center&#8221;][\/vc_column][\/vc_row][vc_row][vc_column][\/vc_column][\/vc_row]<\/p>\n","protected":false},"author":1,"featured_media":0,"parent":0,"menu_order":0,"comment_status":"closed","ping_status":"closed","template":"unlimited-page.php","meta":{"_monsterinsights_skip_tracking":false,"_monsterinsights_sitenote_active":false,"_monsterinsights_sitenote_note":"","_monsterinsights_sitenote_category":0,"footnotes":""},"_links":{"self":[{"href":"https:\/\/dreamea1.lt\/index.php\/wp-json\/wp\/v2\/pages\/212"}],"collection":[{"href":"https:\/\/dreamea1.lt\/index.php\/wp-json\/wp\/v2\/pages"}],"about":[{"href":"https:\/\/dreamea1.lt\/index.php\/wp-json\/wp\/v2\/types\/page"}],"author":[{"embeddable":true,"href":"https:\/\/dreamea1.lt\/index.php\/wp-json\/wp\/v2\/users\/1"}],"replies":[{"embeddable":true,"href":"https:\/\/dreamea1.lt\/index.php\/wp-json\/wp\/v2\/comments?post=212"}],"version-history":[{"count":9,"href":"https:\/\/dreamea1.lt\/index.php\/wp-json\/wp\/v2\/pages\/212\/revisions"}],"predecessor-version":[{"id":668,"href":"https:\/\/dreamea1.lt\/index.php\/wp-json\/wp\/v2\/pages\/212\/revisions\/668"}],"wp:attachment":[{"href":"https:\/\/dreamea1.lt\/index.php\/wp-json\/wp\/v2\/media?parent=212"}],"curies":[{"name":"wp","href":"https:\/\/api.w.org\/{rel}","templated":true}]}}